{"id":67,"date":"2025-06-16T19:14:09","date_gmt":"2025-06-16T19:14:09","guid":{"rendered":"http:\/\/aktyspol.webd.pro\/?page_id=67"},"modified":"2025-06-17T06:31:25","modified_gmt":"2025-06-17T06:31:25","slug":"67-2","status":"publish","type":"page","link":"http:\/\/aktyspol.webd.pro\/","title":{"rendered":""},"content":{"rendered":"<p class=\"has-text-align-center\"><strong id=\"isPasted\"><span style=\"font-size: 26px;\">Dzia\u0142amy na rzecz dzieci, senior\u00f3w, osoby z niepe\u0142nosprawno\u015bci\u0105<\/span><\/strong><\/p>\n\n<div class=\"wp-block-image\">\n<figure class=\"aligncenter size-large\"><img decoding=\"async\" loading=\"lazy\" width=\"1024\" height=\"748\" src=\"http:\/\/aktyspol.webd.pro\/wp-content\/uploads\/2025\/06\/Fotoram.io-1-1024x748.jpg\" alt=\"\" class=\"wp-image-65\" srcset=\"http:\/\/aktyspol.webd.pro\/wp-content\/uploads\/2025\/06\/Fotoram.io-1-1024x748.jpg 1024w, http:\/\/aktyspol.webd.pro\/wp-content\/uploads\/2025\/06\/Fotoram.io-1-300x219.jpg 300w, http:\/\/aktyspol.webd.pro\/wp-content\/uploads\/2025\/06\/Fotoram.io-1-768x561.jpg 768w, http:\/\/aktyspol.webd.pro\/wp-content\/uploads\/2025\/06\/Fotoram.io-1.jpg 1200w\" sizes=\"(max-width: 1024px) 100vw, 1024px\" \/><\/figure><\/div>","protected":false},"excerpt":{"rendered":"<p>Dzia\u0142amy na rzecz dzieci, senior\u00f3w, osoby z niepe\u0142nosprawno\u015bci\u0105<\/p>\n","protected":false},"author":1,"featured_media":0,"parent":0,"menu_order":0,"comment_status":"closed","ping_status":"closed","template":"","meta":[],"_links":{"self":[{"href":"http:\/\/aktyspol.webd.pro\/index.php\/wp-json\/wp\/v2\/pages\/67"}],"collection":[{"href":"http:\/\/aktyspol.webd.pro\/index.php\/wp-json\/wp\/v2\/pages"}],"about":[{"href":"http:\/\/aktyspol.webd.pro\/index.php\/wp-json\/wp\/v2\/types\/page"}],"author":[{"embeddable":true,"href":"http:\/\/aktyspol.webd.pro\/index.php\/wp-json\/wp\/v2\/users\/1"}],"replies":[{"embeddable":true,"href":"http:\/\/aktyspol.webd.pro\/index.php\/wp-json\/wp\/v2\/comments?post=67"}],"version-history":[{"count":3,"href":"http:\/\/aktyspol.webd.pro\/index.php\/wp-json\/wp\/v2\/pages\/67\/revisions"}],"predecessor-version":[{"id":74,"href":"http:\/\/aktyspol.webd.pro\/index.php\/wp-json\/wp\/v2\/pages\/67\/revisions\/74"}],"wp:attachment":[{"href":"http:\/\/aktyspol.webd.pro\/index.php\/wp-json\/wp\/v2\/media?parent=67"}],"curies":[{"name":"wp","href":"https:\/\/api.w.org\/{rel}","templated":true}]}}